{"id":1655,"date":"2021-03-25T16:40:57","date_gmt":"2021-03-25T16:40:57","guid":{"rendered":"http:\/\/rectio.es\/?page_id=1655"},"modified":"2021-03-25T17:09:28","modified_gmt":"2021-03-25T17:09:28","slug":"politica-de-cookies","status":"publish","type":"page","link":"https:\/\/rectio.es\/?page_id=1655","title":{"rendered":"Pol\u00edtica de cookies"},"content":{"rendered":"<section class=\"av_textblock_section \"  itemscope=\"itemscope\" itemtype=\"https:\/\/schema.org\/CreativeWork\" ><div class='avia_textblock  '   itemprop=\"text\" ><h2><strong><sub>Pol\u00edtica de cookies<\/sub><\/strong><\/h2>\n<p>En cumplimiento de la Ley 34\/2002 de Servicios de la Sociedad de la Informaci\u00f3n y Comercio Electr\u00f3nico le informamos de la utilizaci\u00f3n de cookies en las webs y aplicaciones de la empresa con el fin de facilitar y mejorar la navegaci\u00f3n a los usuarios, recordando por donde naveg\u00f3 en el sitio web, las preferencias y las configuraciones de visualizaci\u00f3n.<\/p>\n<p>Recuerde que antes de empezar a utilizar cualquiera de nuestros servicios o funcionalidades, deber\u00e1 leer en esta Pol\u00edtica de Cookies y Privacidad, as\u00ed como en los T\u00e9rminos de Condiciones la secci\u00f3n espec\u00edfica sobre los mismos. En dicha secci\u00f3n podr\u00e1 ver si hay alguna condici\u00f3n particular para su uso, o si requiere un tratamiento espec\u00edfico de sus Datos Personales.<\/p>\n<h3><strong>Tipos de cookies<\/strong><\/h3>\n<p>Seg\u00fan quien sea la entidad que gestione el dominio desde donde se env\u00edan las cookies y trate los datos que se obtengan se pueden distinguir dos tipos:<\/p>\n<ul>\n<li><strong>Cookies propias:<\/strong> Son aquellas que se env\u00edan a tu equipo desde nuestros propios equipos o dominios y desde el que prestamos el servicio que nos solicitas.<\/li>\n<li><strong>Cookies de terceros:<\/strong> Son aquellas que se env\u00edan a tu equipo desde un equipo o dominio que no es gestionado por nosotros, sino por otra entidad colaboradora. Como, por ejemplo, las usadas por redes sociales, o por contenido externo como Google Maps.<\/li>\n<\/ul>\n<p>Existe tambi\u00e9n una segunda clasificaci\u00f3n seg\u00fan el plazo de tiempo que permanecen almacenadas en el navegador del cliente, pudiendo tratarse de:<\/p>\n<ul>\n<li><strong>Cookies de sesi\u00f3n:<\/strong> Son cookies temporales que permanecen en el archivo de cookies de tu navegador hasta que abandonas la p\u00e1gina web, por lo que ninguna queda registrada en el disco duro de tu ordenador. La informaci\u00f3n obtenida por medio de estas cookies, sirven para analizar pautas de tr\u00e1fico en la web. A la larga, esto nos permite proporcionar una mejor experiencia para mejorar el contenido y facilitar su uso<\/li>\n<li><strong>Cookies persistentes:<\/strong> Son almacenadas en el disco duro y nuestra web las lee cada vez que realizas una nueva visita. Una web permanente posee una fecha de expiraci\u00f3n determinada. La cookie dejar\u00e1 de funcionar despu\u00e9s de esa fecha. Estas cookies las utilizamos, generalmente, para facilitar los servicios de compra y registro.<\/li>\n<\/ul>\n<p>Por \u00faltimo, existe otra clasificaci\u00f3n con cinco tipos de cookies seg\u00fan la finalidad para la que se traten los datos obtenidos:<\/p>\n<ul>\n<li><strong>Cookies t\u00e9cnicas:<\/strong> Son aquellas necesarias para la navegaci\u00f3n y el buen funcionamiento de nuestra p\u00e1gina web. Permiten, por ejemplo, controlar el tr\u00e1fico y la comunicaci\u00f3n de datos, acceder a partes de acceso restringido, realizar el proceso de compra de un pedido, utilizar elementos de seguridad, almacenar contenidos para poder difundir v\u00eddeos o compartir contenidos a trav\u00e9s de redes sociales.<\/li>\n<li><strong>Cookies de personalizaci\u00f3n:<\/strong> Son aqu\u00e9llas que te permiten acceder al servicio con unas caracter\u00edsticas predefinidas en funci\u00f3n de una serie de criterios, como por ejemplo el idioma, el tipo de navegador a trav\u00e9s del cual se accede al servicio, la configuraci\u00f3n regional desde donde se accede al servicio, etc.<\/li>\n<li><strong>Cookies anal\u00edticas:<\/strong> Son aqu\u00e9llas que nos permiten cuantificar el n\u00famero de usuarios y as\u00ed realizar la medici\u00f3n y an\u00e1lisis estad\u00edstico de la utilizaci\u00f3n que hacen los usuarios de los servicios prestados. Para ello se analiza su navegaci\u00f3n en nuestra p\u00e1gina web con el fin de mejorar la oferta de productos y servicios que ofrecemos<\/li>\n<li><strong>Cookies publicitarias:<\/strong> Son aqu\u00e9llas que permiten la gesti\u00f3n, de la forma m\u00e1s eficaz posible, de los espacios publicitarios que se pudieran incluir en nuestra p\u00e1gina web.<\/li>\n<li><strong>Cookies de publicidad comportamental:<\/strong> Estas cookies almacenan informaci\u00f3n del comportamiento de los usuarios obtenida a trav\u00e9s de la observaci\u00f3n continuada. Gracias a ellas, podemos conocer los h\u00e1bitos de navegaci\u00f3n en internet y mostrarte publicidad relacionada con tu perfil de navegaci\u00f3n.<\/li>\n<\/ul>\n<h3><strong>Cookies utilizadas en la web<\/strong><\/h3>\n<table>\n<tbody>\n<tr>\n<td width=\"189\"><strong>Cookie<\/strong><\/td>\n<td width=\"189\"><strong>Tipo<\/strong><\/td>\n<td width=\"189\"><strong>Finalidad<\/strong><\/td>\n<\/tr>\n<tr>\n<td width=\"189\"><span style=\"color: #808080;\">Viewed_cookie_policy<\/span><\/td>\n<td width=\"189\"><span style=\"color: #999999;\">Cookie de aceptaci\u00f3n<\/span><\/td>\n<td width=\"189\"><span style=\"color: #999999;\">Es la cookie que se crea cuando aceptas las pol\u00edticas de cookies de la p\u00e1gina.<\/span><\/td>\n<\/tr>\n<tr>\n<td width=\"189\">_ga<\/td>\n<td width=\"189\">Cookie anal\u00edtica<\/p>\n<p>Google<\/td>\n<td width=\"189\">Datos de navegaci\u00f3n an\u00f3nimos que permiten saber qu\u00e9 se consulta y c\u00f3mo se navega dentro de los webs.<\/p>\n<p>La biblioteca ga puede configurar las siguientes cookies:<\/p>\n<p>\u00b7\u00a0\u00a0\u00a0\u00a0\u00a0\u00a0\u00a0\u00a0 utma : distingue usuarios y sesiones.<\/p>\n<p>\u00b7\u00a0\u00a0\u00a0\u00a0\u00a0\u00a0\u00a0\u00a0 utmt : usa para limitar el porcentaje de solicitudes.<\/p>\n<p>\u00b7\u00a0\u00a0\u00a0\u00a0\u00a0\u00a0\u00a0\u00a0 utmb : usa para determinar nuevas sesiones o visitas<\/p>\n<p>\u00b7\u00a0\u00a0\u00a0\u00a0\u00a0\u00a0\u00a0\u00a0 utmc : no se usa en ga.js.<\/p>\n<p>\u00b7\u00a0\u00a0\u00a0\u00a0\u00a0\u00a0\u00a0\u00a0 utmv : almacenar datos de variables personalizadas de visitante<\/p>\n<p>\u00b7\u00a0\u00a0\u00a0\u00a0\u00a0\u00a0\u00a0\u00a0 utmz : almacena la fuente de tr\u00e1fico o la campa\u00f1a que explica c\u00f3mo ha llegado el usuario al sitio.<\/td>\n<\/tr>\n<tr>\n<td width=\"189\">_gid<\/td>\n<td width=\"189\">Cookie anal\u00edtica<\/p>\n<p>Google<\/td>\n<td width=\"189\">Datos de navegaci\u00f3n an\u00f3nimos que permiten saber qu\u00e9 se consulta y c\u00f3mo se navega dentro de los webs.<\/td>\n<\/tr>\n<tr>\n<td width=\"189\">_dc_gtm_UA-XXXXXXXX<\/td>\n<td width=\"189\">Cookie anal\u00edtica<\/p>\n<p>Google<\/td>\n<td width=\"189\">Cookies de seguimiento anal\u00edticas de google. Se usa para limitar el porcentaje de solicitudes. Duraci\u00f3n limitada<\/td>\n<\/tr>\n<tr>\n<td width=\"189\">NID<\/p>\n<p>CONSENT<\/td>\n<td width=\"189\">Cookie anal\u00edtica<\/p>\n<p>Google<\/td>\n<td width=\"189\">Contiene un ID \u00fanico que Google utiliza para recordar tus preferencias y otra informaci\u00f3n. Visualizaci\u00f3n de mapas mediante la aplicaci\u00f3n de Google Maps.<\/td>\n<\/tr>\n<tr>\n<td width=\"189\">.fr<\/td>\n<td width=\"189\">Cookie anal\u00edtica Facebook<\/td>\n<td width=\"189\">Cookie del enlace en la web hacia redes sociales.<\/td>\n<\/tr>\n<tr>\n<td width=\"189\">IDE<\/p>\n<p>Id<\/td>\n<td width=\"189\">Cookies analiticas<\/p>\n<p>DoubleClick<\/td>\n<td width=\"189\">Suelen utilizarse para orientar la publicidad a los usuarios en funci\u00f3n del contenido que les interesa. Leer mas: https:\/\/support.google.com\/adsense\/answer\/2839090?hl=es<\/td>\n<\/tr>\n<\/tbody>\n<\/table>\n<h3><strong><br \/>\nC\u00f3mo modificar la configuraci\u00f3n de cookies<\/strong><\/h3>\n<p>Usted puede restringir, bloquear o borrar las cookies de esta web en la configuraci\u00f3n de su navegador. En cada navegador la operativa es diferente, la funci\u00f3n de \u201cAyuda\u201d le mostrar\u00e1 c\u00f3mo hacerlo. A continuaci\u00f3n, le dejamos unos enlaces con la configuraci\u00f3n de los navegadores m\u00e1s utilizados a d\u00eda de hoy. Puede copiar los enlaces y pegarlos directamente en su navegador:<\/p>\n<ul>\n<li>.Internet explorer: www.windows.microsoft.com\/es-xl\/internet-explorer\/delete-manage-cookies#ie=\u201die-10\u2033<\/li>\n<li>.Mozilla Firefox: support.mozilla.org\/es\/kb\/Borrar%20cookies<\/li>\n<li>.Google Chrome: support.google.com\/chrome\/answer\/95647?hl=\u201des\u201d<\/li>\n<li>Chrome para android: https:\/\/support.google.com\/chrome\/answer\/114662?hl=es&amp;visit_id=0-636328723400421084-2300173826&amp;rd=1<\/li>\n<li>.Safari: www.apple.com\/es\/privacy\/use-of-cookies\/<\/li>\n<li>.Safari para IOS: https:\/\/support.apple.com\/es-es\/HT201265<\/li>\n<li>.Opera: http:\/\/help.opera.com\/Windows\/11.50\/es-ES\/cookies.html<\/li>\n<\/ul>\n<h3><strong><br \/>\nConsentimiento<\/strong><\/h3>\n<p>En Esta Web nunca guardamos los datos personales de nuestros usuarios, a excepci\u00f3n de la direcci\u00f3n IP de acuerdo a lo descrito anteriormente, salvo que quieras registrarte, de forma voluntaria con el fin de realizar peticiones sobre nuestros productos y servicios que ponemos a tu disposici\u00f3n o de recibir informaci\u00f3n sobre promociones y contenidos de tu inter\u00e9s.<\/p>\n<p>Al navegar y continuar en nuestra web nos indicas que est\u00e1s consintiendo el uso de las cookies antes enunciadas, y en las condiciones contenidas en la presente Pol\u00edtica de Cookies.<\/p>\n<\/div><\/section>\n","protected":false},"excerpt":{"rendered":"","protected":false},"author":1,"featured_media":0,"parent":0,"menu_order":0,"comment_status":"closed","ping_status":"closed","template":"","meta":{"footnotes":""},"class_list":["post-1655","page","type-page","status-publish","hentry"],"_links":{"self":[{"href":"https:\/\/rectio.es\/index.php?rest_route=\/wp\/v2\/pages\/1655","targetHints":{"allow":["GET"]}}],"collection":[{"href":"https:\/\/rectio.es\/index.php?rest_route=\/wp\/v2\/pages"}],"about":[{"href":"https:\/\/rectio.es\/index.php?rest_route=\/wp\/v2\/types\/page"}],"author":[{"embeddable":true,"href":"https:\/\/rectio.es\/index.php?rest_route=\/wp\/v2\/users\/1"}],"replies":[{"embeddable":true,"href":"https:\/\/rectio.es\/index.php?rest_route=%2Fwp%2Fv2%2Fcomments&post=1655"}],"version-history":[{"count":10,"href":"https:\/\/rectio.es\/index.php?rest_route=\/wp\/v2\/pages\/1655\/revisions"}],"predecessor-version":[{"id":1748,"href":"https:\/\/rectio.es\/index.php?rest_route=\/wp\/v2\/pages\/1655\/revisions\/1748"}],"wp:attachment":[{"href":"https:\/\/rectio.es\/index.php?rest_route=%2Fwp%2Fv2%2Fmedia&parent=1655"}],"curies":[{"name":"wp","href":"https:\/\/api.w.org\/{rel}","templated":true}]}}