{"id":3,"date":"2021-03-22T11:21:50","date_gmt":"2021-03-22T11:21:50","guid":{"rendered":"http:\/\/rectio.es\/?page_id=3"},"modified":"2021-03-26T11:16:04","modified_gmt":"2021-03-26T11:16:04","slug":"politica-privacidad","status":"publish","type":"page","link":"https:\/\/rectio.es\/?page_id=3","title":{"rendered":"Pol\u00edtica de privacidad"},"content":{"rendered":"<section class=\"av_textblock_section \"  itemscope=\"itemscope\" itemtype=\"https:\/\/schema.org\/CreativeWork\" ><div class='avia_textblock  '   itemprop=\"text\" ><h2><strong><sub>Pol\u00edtica de privacidad<\/sub><\/strong><\/h2>\n<p>RECTIO INV. S.L. desea garantizar su privacidad en el uso de la web. Por ello, le informamos que sus datos personales son tratados de conformidad con lo establecido en el REGLAMENTO (UE) 2016\/679 de protecci\u00f3n de datos de car\u00e1cter personal.<\/p>\n<p>Denominaci\u00f3n social: RECTIO INV. S.L.<br \/>\nCIF : B90243593<br \/>\nDomicilio social: Sevilla<br \/>\nRegistro Mercantil de Sevilla, folio 10, Tomo 6.137, Hoja SE-108.129, inscripci\u00f3n 1\u00aa.<br \/>\nActividad: Consultor\u00eda, Asesoramiento , inversiones inmobiliarias, mobiliarias y la gesti\u00f3n inmobiliaria.<br \/>\nTfno: 955 432705<br \/>\nEmail: <a href=\"mailto:gestion@rectio.es\">gestion@rectio.es<\/a><br \/>\nP\u00e1gina web principal (en adelante, la Web): <a href=\"https:\/\/rectio.es\/\">https:\/\/rectio.es\/<\/a><\/p>\n<h3><strong>RESPONSABLE DEL TRATAMIENTO<\/strong><\/h3>\n<p>RECTIO INV. S.L. con C.I.F. B90243593 y domicilio social en Sevilla, es la responsable del tratamiento de sus datos de car\u00e1cter personal.<\/p>\n<p>En tanto lo exija la normativa de aplicaci\u00f3n, los datos de car\u00e1cter personal que se faciliten a RECTIO INV. S.L. se incluir\u00e1n en ficheros de datos tratados con los par\u00e1metros de seguridad establecidos. Si tiene cualquier duda relativa al tratamiento de sus datos personales, puede contactar con Rectio Inv,\u00a0 S.L. SL a trav\u00e9s de la siguiente direcci\u00f3n de correo electr\u00f3nico <a href=\"mailto:gestion@rectio.es\">gestion@rectio.es<\/a><\/p>\n<h3><strong>DATOS PERSONALES. CATEGOR\u00cdAS<\/strong><\/h3>\n<p>Los datos personales tratados por RECTIO INV. S.L. son los directamente proporcionados por el usuario interesado, persona titular de dichos datos.<\/p>\n<p>Las categor\u00edas y\/o tipos de los datos que se tratan, son los que se solicitan en los formularios que se encuentran a disposici\u00f3n de los usuarios en la WEB, y los datos que voluntariamente se proporcionen por \u00e9stos en todos aquellos lugares donde sea posible ampliar la informaci\u00f3n en campos de texto libre, o bien que sean enviados por los usuarios por medio de email. En particular, los datos que se solicitan a los usuarios interesados consisten generalmente en datos identificativos, direcciones postales y\/o electr\u00f3nicas, tel\u00e9fonos, as\u00ed como informaci\u00f3n comercial. RECTIO INV. S.L. no realiza tratamientos de datos sensibles o especialmente protegidos.<\/p>\n<h3><strong>FINALIDADES DEL TRATAMIENTO<\/strong><\/h3>\n<p>Los datos de car\u00e1cter personal facilitados por los usuarios a trav\u00e9s de los formularios disponibles en la web o por medio de correo electr\u00f3nico, o los datos personales que usted incluya en sus comunicaciones por otros medios, ser\u00e1n tratados por RECTIO INV. S.L. con las siguientes finalidades:<\/p>\n<p>Gestionar la relaci\u00f3n que en dichos medios de contacto se establecen.<\/p>\n<p>Responder a las consultas, sugerencias, incidencias que se soliciten o planteen.<\/p>\n<p>Ofrecer informaci\u00f3n de inter\u00e9s y relacionada con productos y servicios de la empresa y\/o terceras empresas colaboradoras del sector financiero, inmobiliario, seguros, energ\u00eda, telecomunicaciones y ocio.<\/p>\n<p>Asimismo, se le informa de que no se elaborar\u00e1n perfiles o segmentaciones, as\u00ed como de que no se tomar\u00e1n decisiones automatizadas sobre los datos facilitados por los usuarios.<\/p>\n<p>En el supuesto de que aporte sus datos a trav\u00e9s de un mensaje de correo electr\u00f3nico, el mismo formar\u00e1 parte de un tratamiento cuya finalidad ser\u00e1 la gesti\u00f3n de la solicitud, sugerencia, o comentario que nos realiza.<\/p>\n<h3><strong>BASE LEGAL<\/strong><\/h3>\n<p>La base legal del tratamiento de sus datos por RECTIO INV. S.L. es el inter\u00e9s leg\u00edtimo de RECTIO INV. S.L. en la correcta gesti\u00f3n de la solicitud de servicios y\/o informaci\u00f3n realizada por los usuarios.<\/p>\n<h3><\/h3>\n<h3><strong>COMUNICACIONES DE DATOS<\/strong><\/h3>\n<p>Sus datos solo ser\u00e1n objeto de cesi\u00f3n o comunicaci\u00f3n cuando sea legalmente requerido por las autoridades competentes, incluyendo jueces y tribunales o fuerzas y cuerpos de seguridad del Estado.<\/p>\n<p>Se le informa asimismo de que podr\u00e1n tener acceso a los datos personales facilitados por los usuarios los encargados del tratamiento de RECTIO INV. S.L. es decir, los prestadores de servicios de RECTIO INV. S.L. que para el desarrollo de sus funciones tengan que acceder a los datos personales, as\u00ed como las personas encargadas del tratamiento de las empresas dependientes y\/o vinculadas a RECTIO INV. S.L. que prestan servicios a nuestra empresa. En ambos casos, RECTIO INV. S.L. cumplir\u00e1 con el r\u00e9gimen de aplicaci\u00f3n a encargados de tratamiento.<\/p>\n<p>Sus datos pueden ser transferidos a compa\u00f1\u00edas de servicios tecnol\u00f3gicos y de mantenimiento de sistemas de RECTIO INV. S.L. localizadas fuera de la Uni\u00f3n Europea (\u201cUE\u201d). En caso de que desee conocer los pa\u00edses donde se localizan estas compa\u00f1\u00edas, por favor, escriba un email a la siguiente direcci\u00f3n <a href=\"mailto:gestion@rectio.es\">gestion@rectio.es<\/a> y se le facilitar\u00e1 un listado actualizado, cuando usted se identifique de manera conveniente.<\/p>\n<p>Estas transferencias se realizar\u00edan sobre la base de la suscripci\u00f3n con dichas compa\u00f1\u00edas localizadas fuera de la UE de cl\u00e1usulas tipo de protecci\u00f3n de datos adoptadas por la Comisi\u00f3n Europea para transferencias internacionales, seg\u00fan lo dispuesto en el art\u00edculo 46.2 del RGPD y\/o bien a pa\u00edses a los que la Comisi\u00f3n Europea considera que ofrecen garant\u00edas adecuadas para la protecci\u00f3n de sus datos. En caso de que quisiera solicitar una copia de estas cl\u00e1usulas contractuales y\/o de los pa\u00edses a los que se pueden transferir sus datos, por favor, p\u00f3ngase en contacto con RECTIO INV. S.L. en el siguiente email para cursar su petici\u00f3n: <a href=\"mailto:gestion@rectio.es\">gestion@rectio.es<\/a><\/p>\n<h3><strong>PERIODO DE CONSERVACI\u00d3N DE LOS DATOS<\/strong><\/h3>\n<p>Los datos se conservar\u00e1n mientras se mantenga activa la relaci\u00f3n, al menos durante un plazo de 1 a\u00f1o desde la \u00faltima interacci\u00f3n y mientras no haya prescrito cualesquiera de las responsabilidades que pudieran derivarse, periodo durante el que permanecer\u00e1n bloqueados.<\/p>\n<h3><strong>DERECHOS DE LOS INTERESADOS<\/strong><\/h3>\n<p>Le informamos de que podr\u00e1 hacer en todo momento ejercicio de los siguientes derechos:<\/p>\n<p>&#8211; Derecho de acceso a sus datos personales para saber cu\u00e1les est\u00e1n siendo objeto de tratamiento y las operaciones de tratamiento llevadas a cabo con ellos.<\/p>\n<p>&#8211; Derecho de rectificaci\u00f3n de cualquier dato personal inexacto.<\/p>\n<p>&#8211; Derecho de supresi\u00f3n de sus datos personales, cuando esto sea posible.<\/p>\n<p>&#8211; Derecho a solicitar la limitaci\u00f3n del tratamiento de sus datos personales cuando la exactitud, la legalidad o la necesidad del tratamiento de los datos resulte dudosa, y en el resto de casos previstos en la normativa sobre protecci\u00f3n de datos.<\/p>\n<p>&#8211; Derecho a recibir los datos personales que haya facilitado a RECTIO INV. S.L. en un formato estructurado, de uso com\u00fan y lectura mec\u00e1nica, y a transmitir los datos a otro responsable del tratamiento cuando el tratamiento se efect\u00fae por medios automatizados y la base legal del tratamiento sea el consentimiento expreso del interesado o la ejecuci\u00f3n de un contrato.<\/p>\n<p>&#8211; Derecho de oposici\u00f3n, en cualquier momento, por motivos relacionados con su situaci\u00f3n personal, cuando el tratamiento est\u00e9 basado en intereses leg\u00edtimos de RECTIO INV. S.L. salvo que acredite motivos leg\u00edtimos imperiosos para el tratamiento que prevalezcan sobre los intereses, los derechos y las libertades del interesado, o para la formulaci\u00f3n, el ejercicio o la defensa de reclamaciones<\/p>\n<p>Para ejercer estos derechos, deber\u00e1 enviar una solicitud por escrito a RECTIO INV. S.L. la direcci\u00f3n de correo electr\u00f3nico <a href=\"mailto:gestion@rectio.es\">gestion@rectio.es<\/a>. Para mayores garant\u00edas, la solicitud deber\u00e1 ir acompa\u00f1ada de petici\u00f3n debidamente firmada por usted, incluir su nombre completo y direcci\u00f3n, indicar los derechos de los que desea hacer ejercicio y acompa\u00f1arla de un documento identificativo oficial (DNI o NIE).<\/p>\n<p>Adicionalmente se le informa de su derecho a presentar una reclamaci\u00f3n ante la Agencia Espa\u00f1ola de Protecci\u00f3n de Datos si considera que se ha cometido una infracci\u00f3n de la legislaci\u00f3n en materia de protecci\u00f3n de datos respecto al tratamiento de sus datos personales.<\/p>\n<h3><strong>UTILIZACI\u00d3N DE COOKIES<\/strong><\/h3>\n<p>La WEB rectio.es de RECTIO INV. S.L. podr\u00e1 utilizar cookies durante la prestaci\u00f3n del servicio de la web. Las cookies son procedimientos autom\u00e1ticos de recogida de informaci\u00f3n relativa a las preferencias determinadas por un usuario durante su visita a una determinada p\u00e1gina web. Esta informaci\u00f3n se registra en peque\u00f1os archivos que son guardados en los equipos inform\u00e1ticos del usuario correspondiente de forma imperceptible.<\/p>\n<p>Informaci\u00f3n detallada dentro de nuestra pol\u00edtica de cookies.<\/p>\n<p>El usuario tiene la posibilidad de configurar su programa navegador de manera que se impida la creaci\u00f3n de archivos cookie o se advierta del momento en que esto ocurre.<\/p>\n<\/div><\/section>\n","protected":false},"excerpt":{"rendered":"","protected":false},"author":1,"featured_media":0,"parent":0,"menu_order":0,"comment_status":"closed","ping_status":"closed","template":"","meta":{"footnotes":""},"class_list":["post-3","page","type-page","status-publish","hentry"],"_links":{"self":[{"href":"https:\/\/rectio.es\/index.php?rest_route=\/wp\/v2\/pages\/3","targetHints":{"allow":["GET"]}}],"collection":[{"href":"https:\/\/rectio.es\/index.php?rest_route=\/wp\/v2\/pages"}],"about":[{"href":"https:\/\/rectio.es\/index.php?rest_route=\/wp\/v2\/types\/page"}],"author":[{"embeddable":true,"href":"https:\/\/rectio.es\/index.php?rest_route=\/wp\/v2\/users\/1"}],"replies":[{"embeddable":true,"href":"https:\/\/rectio.es\/index.php?rest_route=%2Fwp%2Fv2%2Fcomments&post=3"}],"version-history":[{"count":7,"href":"https:\/\/rectio.es\/index.php?rest_route=\/wp\/v2\/pages\/3\/revisions"}],"predecessor-version":[{"id":1688,"href":"https:\/\/rectio.es\/index.php?rest_route=\/wp\/v2\/pages\/3\/revisions\/1688"}],"wp:attachment":[{"href":"https:\/\/rectio.es\/index.php?rest_route=%2Fwp%2Fv2%2Fmedia&parent=3"}],"curies":[{"name":"wp","href":"https:\/\/api.w.org\/{rel}","templated":true}]}}