{"id":330,"date":"2016-02-29T13:10:37","date_gmt":"2016-02-29T13:10:37","guid":{"rendered":"http:\/\/test.kriesi.at\/travel\/?page_id=2"},"modified":"2021-09-13T11:23:25","modified_gmt":"2021-09-13T11:23:25","slug":"inicio","status":"publish","type":"page","link":"https:\/\/rectio.es\/","title":{"rendered":"INICIO"},"content":{"rendered":"<div id='full_slider_1'  class='avia-fullwidth-slider main_color avia-shadow   avia-builder-el-0  el_before_av_one_full  avia-builder-el-first   container_wrap sidebar_right' style=' '  ><div   data-size='featured_large'  data-lightbox_size='large'  data-animation='fade'  data-conditional_play=''  data-ids='1225,1226,1227'  data-video_counter='0'  data-autoplay='true'  data-bg_slider='false'  data-slide_height=''  data-handle='av_slideshow_full'  data-interval='3'  data-class=' '  data-el_id=''  data-css_id=''  data-scroll_down=''  data-control_layout='av-control-hidden'  data-custom_markup=''  data-perma_caption='aviaTBperma_caption'  data-autoplay_stopper=''  data-image_attachment=''  data-min_height='0px'  data-lazy_loading='disabled'  data-src=''  data-position='top left'  data-repeat='no-repeat'  data-attach='scroll'  data-stretch=''  data-default-height='42'  class='avia-slideshow avia-slideshow-1  av-control-hidden av-default-height-applied avia-slideshow-featured_large av_slideshow_full   avia-fade-slider '  itemprop=\"image\" itemscope=\"itemscope\" itemtype=\"https:\/\/schema.org\/ImageObject\" ><ul class='avia-slideshow-inner ' style='padding-bottom: 42%;' ><li  class=' slide-1 ' ><div data-rel='slideshow-1' class='avia-slide-wrap '   ><img decoding=\"async\" class=\"wp-image-1225 avia-img-lazy-loading-not-1225\"  src=\"https:\/\/rectio.es\/wp-content\/uploads\/2021\/03\/1-2-1500x630.jpg\" width=\"1500\" height=\"630\" title='1' alt=''  itemprop=\"thumbnailUrl\"   \/><\/div><\/li><li  class=' slide-2 ' ><div data-rel='slideshow-1' class='avia-slide-wrap '   ><img decoding=\"async\" class=\"wp-image-1226 avia-img-lazy-loading-not-1226\"  src=\"https:\/\/rectio.es\/wp-content\/uploads\/2021\/03\/2-1-1500x630.jpg\" width=\"1500\" height=\"630\" title='2' alt=''  itemprop=\"thumbnailUrl\"   \/><\/div><\/li><li  class=' slide-3 ' ><div data-rel='slideshow-1' class='avia-slide-wrap '   ><img decoding=\"async\" class=\"wp-image-1227 avia-img-lazy-loading-not-1227\"  src=\"https:\/\/rectio.es\/wp-content\/uploads\/2021\/03\/3-1500x630.jpg\" width=\"1500\" height=\"630\" title='3' alt=''  itemprop=\"thumbnailUrl\"   \/><\/div><\/li><\/ul><div class='avia-slideshow-arrows avia-slideshow-controls'><a href='#prev' class='prev-slide' aria-hidden='true' data-av_icon='\ue87c' data-av_iconfont='entypo-fontello'>Anterior<\/a><a href='#next' class='next-slide' aria-hidden='true' data-av_icon='\ue87d' data-av_iconfont='entypo-fontello'>Posterior<\/a><\/div><div class='avia-slideshow-dots avia-slideshow-controls'><a href='#1' class='goto-slide active' >1<\/a><a href='#2' class='goto-slide ' >2<\/a><a href='#3' class='goto-slide ' >3<\/a><\/div><div class = \"caption_fullwidth av-slideshow-caption caption_center caption_center_framed caption_framed\"><div class = \"container caption_container\"><div class = \"slideshow_caption\"><div class = \"slideshow_inner_caption\"><div class = \"slideshow_align_caption\"><h2  style='font-size:60px; ' class='avia-caption-title   av-medium-font-size-overwrite av-medium-font-size-16 av-small-font-size-overwrite av-small-font-size-16 av-mini-font-size-overwrite av-mini-font-size-16'  itemprop=\"name\" >RECTIO CONSULTOR\u00cdA<\/h2><div class='avia-caption-content  av-medium-font-size-overwrite av-medium-font-size-14 av-small-font-size-overwrite av-small-font-size-14 av-mini-font-size-overwrite av-mini-font-size-14 av_inherit_color'  itemprop=\"description\"   style='font-size:40px; '><p>Rentabilidad \/ Capital \/ Equilibrio<\/p>\n<\/div><\/div><\/div><\/div><\/div><\/div><\/div><\/div><div id='after_full_slider_1'  class='main_color av_default_container_wrap container_wrap sidebar_right' style=' '  ><div class='container' ><div class='template-page content  av-content-small alpha units'><div class='post-entry post-entry-type-page post-entry-330'><div class='entry-content-wrapper clearfix'>\n<div class=\"flex_column av_one_full  flex_column_div av-zero-column-padding first  avia-builder-el-1  el_after_av_slideshow_full  el_before_av_hr  avia-builder-el-first  \" style='border-radius:0px; '><section class=\"av_textblock_section \"  itemscope=\"itemscope\" itemtype=\"https:\/\/schema.org\/CreativeWork\" ><div class='avia_textblock  '   itemprop=\"text\" ><h1 style=\"text-align: center;\"><span style=\"color: #333333;\"><strong>\u201cNadie se ba\u00f1a en el mismo r\u00edo dos veces,<br \/>\n<\/strong><\/span><strong><span style=\"color: #333333;\">porque todo cambia en el r\u00edo y el que se ba\u00f1a\u201d<\/span><br \/>\n<\/strong><\/h1>\n<\/div><\/section><br \/>\n<section class=\"av_textblock_section \"  itemscope=\"itemscope\" itemtype=\"https:\/\/schema.org\/CreativeWork\" ><div class='avia_textblock  '   itemprop=\"text\" ><h3 style=\"text-align: center;\"><span style=\"color: #333333;\"><strong><em>(Her\u00e1clito de \u00c9feso)<\/em><\/strong><\/span><\/h3>\n<\/div><\/section><\/p><\/div>\n<div  style='height:80px' class='hr hr-invisible   avia-builder-el-4  el_after_av_one_full  el_before_av_one_full '><span class='hr-inner ' ><span class='hr-inner-style'><\/span><\/span><\/div>\n<div class=\"flex_column av_one_full  av-animated-generic fade-in  flex_column_div av-zero-column-padding first  avia-builder-el-5  el_after_av_hr  el_before_av_layout_row  avia-builder-el-last  \" style='border-radius:0px; '><section class=\"av_textblock_section \"  itemscope=\"itemscope\" itemtype=\"https:\/\/schema.org\/CreativeWork\" ><div class='avia_textblock  av_inherit_color '  style='color:#4c4c4c; '  itemprop=\"text\" ><h2 style=\"text-align: center;\"><strong>RECTIO CONSULTOR\u00cdA<\/strong><\/h2>\n<\/div><\/section><br \/>\n<div  style='height:10px' class='hr hr-invisible   avia-builder-el-7  el_after_av_textblock  el_before_av_textblock '><span class='hr-inner ' ><span class='hr-inner-style'><\/span><\/span><\/div><br \/>\n<section class=\"av_textblock_section \"  itemscope=\"itemscope\" itemtype=\"https:\/\/schema.org\/CreativeWork\" ><div class='avia_textblock  '   itemprop=\"text\" ><p style=\"text-align: center;\"><strong>Rectio<\/strong>\u00a0es una compa\u00f1\u00eda especializada en <em><strong>Consultor\u00eda<\/strong>\u00a0<\/em>que ofrece<br \/>\nsoluciones a empresas e instituciones, supone un apoyo en el d\u00eda a d\u00eda de su actividad desde diferentes puntos de vista. Primamos la colaboraci\u00f3n plena con nuestros clientes en numerosos \u00e1mbitos de la organizaci\u00f3n:<br \/>\nNegocio, Estrategias, Transformaci\u00f3n Digital, Marketing, Desarrollo Negocio y Financiero.<\/p>\n<\/div><\/section><\/p><\/div><\/div><\/div><\/div><!-- close content main div --><\/div><\/div><div id='av-layout-grid-1'  class='av-layout-grid-container entry-content-wrapper main_color av-flex-cells     avia-builder-el-9  el_after_av_one_full  el_before_av_section  av-cell-min-height av-cell-min-height-15 submenu-not-first container_wrap sidebar_right' style=' '   data-av_minimum_height_pc='15'>\n<div class=\"flex_cell no_margin av_one_full  avia-builder-el-10  avia-builder-el-no-sibling   \" ><div class='flex_cell_inner' ><\/div><\/div>\n<\/div><\/p>\n<div id='av_section_1'  class='avia-section main_color avia-section-huge avia-no-border-styling  avia-bg-style-scroll  avia-builder-el-11  el_after_av_layout_row  avia-builder-el-last   container_wrap sidebar_right' style=' margin-top:0px; margin-bottom:0px; '  ><div class='container' ><div class='template-page content  av-content-small alpha units'><div class='post-entry post-entry-type-page post-entry-330'><div class='entry-content-wrapper clearfix'>\n<div class='flex_column_table av-equal-height-column-flextable -flextable' style='margin-top:-200px; margin-bottom:0px; '><div class=\"flex_column av_one_third  av-animated-generic left-to-right  no_margin flex_column_table_cell av-equal-height-column av-align-top first  avia-builder-el-12  el_before_av_one_third  avia-builder-el-first  \" style='background: #4c4c4c; padding:40px; background-color:#4c4c4c; border-radius:0px; '><p><span  class=\"av_font_icon avia_animate_when_visible avia-icon-animate  av-icon-style-  avia-icon-pos-center \" style=\"color:#ffffff; border-color:#ffffff;\"><span class='av-icon-char' style='font-size:60px;line-height:60px;' aria-hidden='true' data-av_icon='\ue864' data-av_iconfont='entypo-fontello' ><\/span><\/span><br \/>\n<div  style='height:20px' class='hr hr-invisible   avia-builder-el-14  el_after_av_font_icon  el_before_av_textblock '><span class='hr-inner ' ><span class='hr-inner-style'><\/span><\/span><\/div><br \/>\n<section class=\"av_textblock_section \"  itemscope=\"itemscope\" itemtype=\"https:\/\/schema.org\/CreativeWork\" ><div class='avia_textblock  av_inherit_color '  style='color:#ffffff; '  itemprop=\"text\" ><h3 style=\"text-align: center;\"><strong>CONSULTOR\u00cdA DE NEGOCIO<\/strong><\/h3>\n<p style=\"text-align: center;\"><span class=\"ILfuVd NA6bn\"><span class=\"hgKElc\">Te ayudamos a que identifiques los puntos fuertes y de mejora de tu empresa, con el objetivo de generar estrategias de acci\u00f3n y cambio en los procesos, e instruirlos para que tomes las mejores decisiones y as\u00ed hagas crecer la rentabilidad de tu negocio.<\/span><\/span><\/p>\n<\/div><\/section><br \/>\n<div  style='height:8px' class='hr hr-invisible   avia-builder-el-16  el_after_av_textblock  el_before_av_button '><span class='hr-inner ' ><span class='hr-inner-style'><\/span><\/span><\/div><br \/>\n<div  class='avia-button-wrap avia-button-center  avia-builder-el-17  el_after_av_hr  avia-builder-el-last ' ><a href='https:\/\/rectio.es\/?page_id=954'  class='avia-button  avia-color-light   avia-icon_select-yes-left-icon avia-size-medium avia-position-center '   ><span class='avia_button_icon avia_button_icon_left ' aria-hidden='true' data-av_icon='\ue817' data-av_iconfont='entypo-fontello'><\/span><span class='avia_iconbox_title' >INFO<\/span><\/a><\/div><\/p><\/div><div class=\"flex_column av_one_third  av-animated-generic bottom-to-top  no_margin flex_column_table_cell av-equal-height-column av-align-top   avia-builder-el-18  el_after_av_one_third  el_before_av_one_third  \" style='background: #7a7a7a; padding:40px; background-color:#7a7a7a; border-radius:0px; '><p><span  class=\"av_font_icon avia_animate_when_visible avia-icon-animate  av-icon-style-  avia-icon-pos-center \" style=\"color:#ffffff; border-color:#ffffff;\"><span class='av-icon-char' style='font-size:60px;line-height:60px;' aria-hidden='true' data-av_icon='\ue8ab' data-av_iconfont='entypo-fontello' ><\/span><\/span><br \/>\n<div  style='height:20px' class='hr hr-invisible   avia-builder-el-20  el_after_av_font_icon  el_before_av_textblock '><span class='hr-inner ' ><span class='hr-inner-style'><\/span><\/span><\/div><br \/>\n<section class=\"av_textblock_section \"  itemscope=\"itemscope\" itemtype=\"https:\/\/schema.org\/CreativeWork\" ><div class='avia_textblock  av_inherit_color '  style='color:#ffffff; '  itemprop=\"text\" ><h3 style=\"text-align: center;\"><strong>TRANSFORMACI\u00d3N DIGITAL<\/strong><\/h3>\n<p style=\"text-align: center;\"><span class=\"ILfuVd NA6bn\"><span class=\"hgKElc\">Integramos la tecnolog\u00eda digital en todas las \u00e1reas de la empresa, cambiando la forma de operar y brindar valor a los clientes. <span id=\"hs_cos_wrapper_contentpane\" class=\"hs_cos_wrapper hs_cos_wrapper_widget_container hs_cos_wrapper_type_widget_container\" data-hs-cos-general-type=\"widget_container\" data-hs-cos-type=\"widget_container\">Este proceso te ayudar\u00e1 a seguir el ritmo a las demandas emergentes de tus clientes, manteni\u00e9ndolas en el futuro. <\/span><br \/>\n<\/span><\/span><\/p>\n<\/div><\/section><br \/>\n<div  style='height:8px' class='hr hr-invisible   avia-builder-el-22  el_after_av_textblock  el_before_av_button '><span class='hr-inner ' ><span class='hr-inner-style'><\/span><\/span><\/div><br \/>\n<div  class='avia-button-wrap avia-button-center  avia-builder-el-23  el_after_av_hr  avia-builder-el-last ' ><a href='https:\/\/rectio.es\/?page_id=954'  class='avia-button  avia-color-light   avia-icon_select-yes-left-icon avia-size-medium avia-position-center '   ><span class='avia_button_icon avia_button_icon_left ' aria-hidden='true' data-av_icon='\ue817' data-av_iconfont='entypo-fontello'><\/span><span class='avia_iconbox_title' >INFO<\/span><\/a><\/div><\/p><\/div><div class=\"flex_column av_one_third  av-animated-generic right-to-left  no_margin flex_column_table_cell av-equal-height-column av-align-top   avia-builder-el-24  el_after_av_one_third  avia-builder-el-last  \" style='background: #a5a5a5; padding:40px; background-color:#a5a5a5; border-radius:0px; '><p><span  class=\"av_font_icon avia_animate_when_visible avia-icon-animate  av-icon-style-  avia-icon-pos-center \" style=\"color:#ffffff; border-color:#ffffff;\"><span class='av-icon-char' style='font-size:60px;line-height:60px;' aria-hidden='true' data-av_icon='\ue8bc' data-av_iconfont='entypo-fontello' ><\/span><\/span><br \/>\n<div  style='height:20px' class='hr hr-invisible   avia-builder-el-26  el_after_av_font_icon  el_before_av_textblock '><span class='hr-inner ' ><span class='hr-inner-style'><\/span><\/span><\/div><br \/>\n<section class=\"av_textblock_section \"  itemscope=\"itemscope\" itemtype=\"https:\/\/schema.org\/CreativeWork\" ><div class='avia_textblock  av_inherit_color '  style='color:#ffffff; '  itemprop=\"text\" ><h3 style=\"text-align: center;\"><strong>CONSULTOR\u00cdA FINANCIERA<\/strong><\/h3>\n<p style=\"text-align: center;\"><span class=\"ILfuVd NA6bn\"><span class=\"hgKElc\">Te ofrecemos un servicio que te ayudar\u00e1 en la toma de decisiones en materia de finanzas, con el objetivo de que puedas rentabilizar m\u00e1s tus recursos financieros y sacarles el m\u00e1ximo partido.<br \/>\n<\/span><\/span><\/p>\n<\/div><\/section><br \/>\n<div  style='height:8px' class='hr hr-invisible   avia-builder-el-28  el_after_av_textblock  el_before_av_button '><span class='hr-inner ' ><span class='hr-inner-style'><\/span><\/span><\/div><br \/>\n<div  class='avia-button-wrap avia-button-center  avia-builder-el-29  el_after_av_hr  avia-builder-el-last ' ><a href='https:\/\/rectio.es\/?page_id=954'  class='avia-button  avia-color-light   avia-icon_select-yes-left-icon avia-size-medium avia-position-center '   ><span class='avia_button_icon avia_button_icon_left ' aria-hidden='true' data-av_icon='\ue817' data-av_iconfont='entypo-fontello'><\/span><span class='avia_iconbox_title' >INFO<\/span><\/a><\/div><\/p><\/div><\/div><!--close column table wrapper. Autoclose: 1 --><\/div><\/div><\/div><!-- close content main div --><\/div><\/div><div id='after_section_1'  class='main_color av_default_container_wrap container_wrap sidebar_right' style=' '  ><div class='container' ><div class='template-page content  av-content-small alpha units'><div class='post-entry post-entry-type-page post-entry-330'><div class='entry-content-wrapper clearfix'>\n","protected":false},"excerpt":{"rendered":"","protected":false},"author":1,"featured_media":0,"parent":0,"menu_order":0,"comment_status":"closed","ping_status":"closed","template":"","meta":{"footnotes":""},"class_list":["post-330","page","type-page","status-publish","hentry"],"_links":{"self":[{"href":"https:\/\/rectio.es\/index.php?rest_route=\/wp\/v2\/pages\/330","targetHints":{"allow":["GET"]}}],"collection":[{"href":"https:\/\/rectio.es\/index.php?rest_route=\/wp\/v2\/pages"}],"about":[{"href":"https:\/\/rectio.es\/index.php?rest_route=\/wp\/v2\/types\/page"}],"author":[{"embeddable":true,"href":"https:\/\/rectio.es\/index.php?rest_route=\/wp\/v2\/users\/1"}],"replies":[{"embeddable":true,"href":"https:\/\/rectio.es\/index.php?rest_route=%2Fwp%2Fv2%2Fcomments&post=330"}],"version-history":[{"count":128,"href":"https:\/\/rectio.es\/index.php?rest_route=\/wp\/v2\/pages\/330\/revisions"}],"predecessor-version":[{"id":1772,"href":"https:\/\/rectio.es\/index.php?rest_route=\/wp\/v2\/pages\/330\/revisions\/1772"}],"wp:attachment":[{"href":"https:\/\/rectio.es\/index.php?rest_route=%2Fwp%2Fv2%2Fmedia&parent=330"}],"curies":[{"name":"wp","href":"https:\/\/api.w.org\/{rel}","templated":true}]}}