{"id":952,"date":"2016-07-15T14:19:28","date_gmt":"2016-07-15T14:19:28","guid":{"rendered":"http:\/\/test.kriesi.at\/enfold-medical\/?page_id=952"},"modified":"2021-09-13T11:24:18","modified_gmt":"2021-09-13T11:24:18","slug":"consultoria","status":"publish","type":"page","link":"https:\/\/rectio.es\/?page_id=952","title":{"rendered":"Servicios de consultor\u00eda"},"content":{"rendered":"<section class=\"av_textblock_section \"  itemscope=\"itemscope\" itemtype=\"https:\/\/schema.org\/CreativeWork\" ><div class='avia_textblock  '   itemprop=\"text\" ><h1 style=\"text-align: center;\"><strong><b>\u201cPor cada acci\u00f3n, hay una reacci\u00f3n igual y opuesta\u201d<\/b><br \/>\n<\/strong><\/h1>\n<\/div><\/section>\n<section class=\"av_textblock_section \"  itemscope=\"itemscope\" itemtype=\"https:\/\/schema.org\/CreativeWork\" ><div class='avia_textblock  '   itemprop=\"text\" ><h3 style=\"text-align: center;\"><em><strong><b> (3\u00aa ley de Newton)<\/b><\/strong><\/em><\/h3>\n<h3 style=\"text-align: center;\"><strong><em>\u00a0<\/em><\/strong><\/h3>\n<\/div><\/section>\n<div class=\"flex_column av_one_half  av-animated-generic right-to-left  flex_column_div av-zero-column-padding first  avia-builder-el-2  el_after_av_textblock  el_before_av_one_half  column-top-margin\" style='border-radius:0px; '><p><div  style='height:40px' class='hr hr-invisible   avia-builder-el-3  el_before_av_textblock  avia-builder-el-first '><span class='hr-inner ' ><span class='hr-inner-style'><\/span><\/span><\/div><br \/>\n<section class=\"av_textblock_section \"  itemscope=\"itemscope\" itemtype=\"https:\/\/schema.org\/CreativeWork\" ><div class='avia_textblock  '   itemprop=\"text\" ><h2 style=\"text-align: center;\"><strong>SERVICIOS DE CONSULTOR\u00cdA<br \/>\n<\/strong><\/h2>\n<\/div><\/section><br \/>\n<div  style='height:20px' class='hr hr-invisible   avia-builder-el-5  el_after_av_textblock  el_before_av_textblock '><span class='hr-inner ' ><span class='hr-inner-style'><\/span><\/span><\/div><br \/>\n<section class=\"av_textblock_section \"  itemscope=\"itemscope\" itemtype=\"https:\/\/schema.org\/CreativeWork\" ><div class='avia_textblock  '   itemprop=\"text\" ><p style=\"text-align: center;\">Para las empresas y para el desarrollo de la organizaci\u00f3n desde diferentes perspectivas, implicando desde la orientaci\u00f3n en la creaci\u00f3n de empresas o b\u00fasqueda de financiaci\u00f3n hasta el asesoramiento en la reestructuraci\u00f3n de deuda, digitalizaci\u00f3n de la actividad o en el lanzamiento de un nuevo producto o servicio.<\/p>\n<\/div><\/section><\/p><\/div>\n<div class=\"flex_column av_one_half  av-animated-generic left-to-right  flex_column_div av-zero-column-padding   avia-builder-el-7  el_after_av_one_half  el_before_av_hr  column-top-margin\" style='border-radius:0px; '><div  class='avia-image-container  av-styling-    avia-builder-el-8  avia-builder-el-no-sibling  avia-align-center '  itemprop=\"image\" itemscope=\"itemscope\" itemtype=\"https:\/\/schema.org\/ImageObject\"  ><div class='avia-image-container-inner'><div class='avia-image-overlay-wrap'><img decoding=\"async\" class='wp-image-1581 avia-img-lazy-loading-not-1581 avia_image' src=\"https:\/\/rectio.es\/wp-content\/uploads\/2021\/03\/consultoria.jpg\" alt='' title='consultoria' height=\"720\" width=\"1500\"  itemprop=\"thumbnailUrl\" srcset=\"https:\/\/rectio.es\/wp-content\/uploads\/2021\/03\/consultoria.jpg 1500w, https:\/\/rectio.es\/wp-content\/uploads\/2021\/03\/consultoria-300x144.jpg 300w, https:\/\/rectio.es\/wp-content\/uploads\/2021\/03\/consultoria-1030x494.jpg 1030w, https:\/\/rectio.es\/wp-content\/uploads\/2021\/03\/consultoria-768x369.jpg 768w, https:\/\/rectio.es\/wp-content\/uploads\/2021\/03\/consultoria-705x338.jpg 705w\" sizes=\"(max-width: 1500px) 100vw, 1500px\" \/><\/div><\/div><\/div><\/div>\n<div  style='height:50px' class='hr hr-invisible  av-mini-hide  avia-builder-el-9  el_after_av_one_half  el_before_av_hr '><span class='hr-inner ' ><span class='hr-inner-style'><\/span><\/span><\/div>\n<div  style='height:50px' class='hr hr-invisible   avia-builder-el-10  el_after_av_hr  el_before_av_one_full '><span class='hr-inner ' ><span class='hr-inner-style'><\/span><\/span><\/div>\n<div class=\"flex_column av_one_full  av-animated-generic av-rotateInUpRight  flex_column_div av-zero-column-padding first  avia-builder-el-11  el_after_av_hr  el_before_av_hr  \" style='border-radius:0px 0px 0px 0px ; '><section class=\"av_textblock_section \"  itemscope=\"itemscope\" itemtype=\"https:\/\/schema.org\/CreativeWork\" ><div class='avia_textblock  '   itemprop=\"text\" ><h2 style=\"text-align: center;\"><strong>NUESTRAS \u00c1REAS DE ESPECIALIDAD:<\/strong><\/h2>\n<\/div><\/section><\/div>\n<div  style='height:60px' class='hr hr-invisible  av-mini-hide  avia-builder-el-13  el_after_av_one_full  el_before_av_one_full '><span class='hr-inner ' ><span class='hr-inner-style'><\/span><\/span><\/div>\n<div class=\"flex_column av_one_full  flex_column_div av-zero-column-padding first  avia-builder-el-14  el_after_av_hr  el_before_av_hr  \" style='border-radius:0px; '><\/div>\n<div  style='height:20px' class='hr hr-invisible   avia-builder-el-15  el_after_av_one_full  el_before_av_section  avia-builder-el-last '><span class='hr-inner ' ><span class='hr-inner-style'><\/span><\/span><\/div>\n<\/div><\/div><\/div><!-- close content main div --><\/div><\/div><div id='av_section_1'  class='avia-section main_color avia-section-huge avia-no-border-styling  avia-bg-style-scroll  avia-builder-el-16  el_after_av_hr  el_before_av_section   av-minimum-height av-minimum-height-25  container_wrap sidebar_right' style='background-color: #ffffff;  '   data-av_minimum_height_pc='25'><div class='container' ><div class='template-page content  av-content-small alpha units'><div class='post-entry post-entry-type-page post-entry-952'><div class='entry-content-wrapper clearfix'>\n<div class='flex_column_table av-equal-height-column-flextable -flextable' style='margin-top:-200px; margin-bottom:0px; '><div class=\"flex_column av_one_third  av-animated-generic left-to-right  no_margin flex_column_table_cell av-equal-height-column av-align-top first  avia-builder-el-17  el_before_av_one_third  avia-builder-el-first  \" style='background: #a0a0a0; padding:40px; background-color:#a0a0a0; border-radius:0px; '><section class=\"av_textblock_section \"  itemscope=\"itemscope\" itemtype=\"https:\/\/schema.org\/CreativeWork\" ><div class='avia_textblock  av_inherit_color '  style='color:#ffffff; '  itemprop=\"text\" ><h2 style=\"text-align: center;\"><strong>NEGOCIO<\/strong><\/h2>\n<hr \/>\n<p style=\"text-align: center;\"><span class=\"ILfuVd NA6bn\"><span class=\"hgKElc\">\u00a0&#8211; Plan de Negocio<br \/>\n<\/span><\/span><\/p>\n<p style=\"text-align: center;\">&#8211; Desarrollo Corporativo<\/p>\n<p style=\"text-align: center;\">&#8211; Creaci\u00f3n de Empresas<\/p>\n<\/div><\/section><\/div><div class=\"flex_column av_one_third  av-animated-generic top-to-bottom  no_margin flex_column_table_cell av-equal-height-column av-align-top   avia-builder-el-19  el_after_av_one_third  el_before_av_one_third  \" style='background: #ffffff; padding:40px; background-color:#ffffff; border-radius:0px; '><section class=\"av_textblock_section \"  itemscope=\"itemscope\" itemtype=\"https:\/\/schema.org\/CreativeWork\" ><div class='avia_textblock  av_inherit_color '  style='color:#ffffff; '  itemprop=\"text\" ><h2 style=\"text-align: center;\"><span style=\"color: #4c4c4c;\"><strong>FINANCIERA<br \/>\n<\/strong><\/span><\/h2>\n<hr \/>\n<p style=\"text-align: center;\"><span class=\"ILfuVd NA6bn\" style=\"color: #4c4c4c;\"><span class=\"hgKElc\">\u00a0&#8211; An\u00e1lisis Financiero<br \/>\n<\/span><\/span><\/p>\n<p style=\"text-align: center;\"><span style=\"color: #4c4c4c;\">&#8211; Reestructuraci\u00f3n Deuda<\/span><\/p>\n<p style=\"text-align: center;\"><span style=\"color: #4c4c4c;\">&#8211; B\u00fasqueda de Financiaci\u00f3n<\/span><\/p>\n<p style=\"text-align: center;\"><span style=\"color: #4c4c4c;\">&#8211; B\u00fasqueda de Socios\/Inversores<\/span><\/p>\n<p style=\"text-align: center;\"><span style=\"color: #4c4c4c;\">&#8211; Gesti\u00f3n Subvenciones<\/span><\/p>\n<\/div><\/section><\/div><div class=\"flex_column av_one_third  av-animated-generic right-to-left  no_margin flex_column_table_cell av-equal-height-column av-align-top   avia-builder-el-21  el_after_av_one_third  avia-builder-el-last  \" style='background: #a0a0a0; padding:40px; background-color:#a0a0a0; border-radius:0px; '><section class=\"av_textblock_section \"  itemscope=\"itemscope\" itemtype=\"https:\/\/schema.org\/CreativeWork\" ><div class='avia_textblock  av_inherit_color '  style='color:#ffffff; '  itemprop=\"text\" ><h2 style=\"text-align: center;\"><strong>DIGITALIZACI\u00d3N<\/strong><\/h2>\n<hr \/>\n<p style=\"text-align: center;\"><span class=\"ILfuVd NA6bn\"><span class=\"hgKElc\">\u00a0&#8211; Transformaci\u00f3n Digital<br \/>\n<\/span><\/span><\/p>\n<p style=\"text-align: center;\">&#8211; Transici\u00f3n Corporativa<\/p>\n<p style=\"text-align: center;\">&#8211; Formaci\u00f3n Tecnol\u00f3gica<\/p>\n<p style=\"text-align: center;\">\n<\/div><\/section><\/div><\/div><!--close column table wrapper. Autoclose: 1 -->\n\n<\/div><\/div><\/div><!-- close content main div --><\/div><\/div><div id='av_section_2'  class='avia-section main_color avia-section-default avia-no-border-styling  avia-bg-style-scroll  avia-builder-el-23  el_after_av_section  avia-builder-el-last   container_wrap sidebar_right' style='background-color: #ffffff;  '  ><div class='container' ><div class='template-page content  av-content-small alpha units'><div class='post-entry post-entry-type-page post-entry-952'><div class='entry-content-wrapper clearfix'>\n<div class='flex_column_table av-equal-height-column-flextable -flextable' style='margin-top:-200px; margin-bottom:0px; '><div class=\"flex_column av_one_third  av-animated-generic right-to-left  no_margin flex_column_table_cell av-equal-height-column av-align-top first  avia-builder-el-24  el_before_av_one_third  avia-builder-el-first  \" style='background: #ffffff; padding:40px; background-color:#ffffff; border-radius:0px; '><section class=\"av_textblock_section \"  itemscope=\"itemscope\" itemtype=\"https:\/\/schema.org\/CreativeWork\" ><div class='avia_textblock  av_inherit_color '  style='color:#ffffff; '  itemprop=\"text\" ><h2 style=\"text-align: center;\"><span style=\"color: #4c4c4c;\"><strong>ESTRATEGIA<\/strong><\/span><\/h2>\n<hr \/>\n<p style=\"text-align: center;\"><span style=\"color: #4c4c4c;\">&#8211; L\u00edneas o Unidades de Negocio<\/span><\/p>\n<p style=\"text-align: center;\"><span style=\"color: #4c4c4c;\">&#8211; Productos y Servicios<br \/>\n<\/span><\/p>\n<p style=\"text-align: center;\"><span style=\"color: #4c4c4c;\">&#8211; Reorganizaci\u00f3n Corporativa<\/span><\/p>\n<p style=\"text-align: center;\">&#8211; Gesti\u00f3n del cambio<\/p>\n<\/div><\/section><\/div><div class=\"flex_column av_one_third  av-animated-generic bottom-to-top  no_margin flex_column_table_cell av-equal-height-column av-align-top   avia-builder-el-26  el_after_av_one_third  el_before_av_one_third  \" style='background: #a0a0a0; padding:40px; background-color:#a0a0a0; border-radius:0px; '><section class=\"av_textblock_section \"  itemscope=\"itemscope\" itemtype=\"https:\/\/schema.org\/CreativeWork\" ><div class='avia_textblock  av_inherit_color '  style='color:#ffffff; '  itemprop=\"text\" ><h2 style=\"text-align: center;\"><strong>COMERCIAL<br \/>\n<\/strong><\/h2>\n<hr \/>\n<p style=\"text-align: center;\"><span class=\"ILfuVd NA6bn\"><span class=\"hgKElc\">\u00a0&#8211; Creaci\u00f3n Red Comercial<br \/>\n<\/span><\/span><\/p>\n<p style=\"text-align: center;\">&#8211; Estrategias Comerciales<\/p>\n<p style=\"text-align: center;\">&#8211; Lanzamiento de Productos o Servicios<\/p>\n<p style=\"text-align: center;\">\n<\/div><\/section><\/div><div class=\"flex_column av_one_third  av-animated-generic left-to-right  no_margin flex_column_table_cell av-equal-height-column av-align-top   avia-builder-el-28  el_after_av_one_third  avia-builder-el-last  \" style='background: #ffffff; padding:40px; background-color:#ffffff; border-radius:0px; '><section class=\"av_textblock_section \"  itemscope=\"itemscope\" itemtype=\"https:\/\/schema.org\/CreativeWork\" ><div class='avia_textblock  av_inherit_color '  style='color:#ffffff; '  itemprop=\"text\" ><h2 style=\"text-align: center;\"><span style=\"color: #333333;\"><strong>MARKETING<\/strong><\/span><\/h2>\n<hr \/>\n<p style=\"text-align: center;\"><span class=\"ILfuVd NA6bn\" style=\"color: #333333;\"><span class=\"hgKElc\">\u00a0&#8211; Lanzamiento de nuevos Productos o Servicios<br \/>\n<\/span><\/span><\/p>\n<p style=\"text-align: center;\"><span style=\"color: #333333;\">&#8211; Estrategias de Marketing<\/span><\/p>\n<p style=\"text-align: center;\"><span style=\"color: #333333;\">&#8211; Marketing Digital<\/span><\/p>\n<\/div><\/section><\/div><\/div><!--close column table wrapper. Autoclose: 1 -->\n<\/div><\/div><\/div><!-- close content main div --><\/div><\/div><div id='after_section_2'  class='main_color av_default_container_wrap container_wrap sidebar_right' style=' '  ><div class='container' ><div class='template-page content  av-content-small alpha units'><div class='post-entry post-entry-type-page post-entry-952'><div class='entry-content-wrapper clearfix'>\n","protected":false},"excerpt":{"rendered":"","protected":false},"author":1,"featured_media":0,"parent":0,"menu_order":0,"comment_status":"closed","ping_status":"closed","template":"","meta":{"footnotes":""},"class_list":["post-952","page","type-page","status-publish","hentry"],"_links":{"self":[{"href":"https:\/\/rectio.es\/index.php?rest_route=\/wp\/v2\/pages\/952","targetHints":{"allow":["GET"]}}],"collection":[{"href":"https:\/\/rectio.es\/index.php?rest_route=\/wp\/v2\/pages"}],"about":[{"href":"https:\/\/rectio.es\/index.php?rest_route=\/wp\/v2\/types\/page"}],"author":[{"embeddable":true,"href":"https:\/\/rectio.es\/index.php?rest_route=\/wp\/v2\/users\/1"}],"replies":[{"embeddable":true,"href":"https:\/\/rectio.es\/index.php?rest_route=%2Fwp%2Fv2%2Fcomments&post=952"}],"version-history":[{"count":195,"href":"https:\/\/rectio.es\/index.php?rest_route=\/wp\/v2\/pages\/952\/revisions"}],"predecessor-version":[{"id":1773,"href":"https:\/\/rectio.es\/index.php?rest_route=\/wp\/v2\/pages\/952\/revisions\/1773"}],"wp:attachment":[{"href":"https:\/\/rectio.es\/index.php?rest_route=%2Fwp%2Fv2%2Fmedia&parent=952"}],"curies":[{"name":"wp","href":"https:\/\/api.w.org\/{rel}","templated":true}]}}